{"id":847,"date":"2024-03-19T12:13:49","date_gmt":"2024-03-19T11:13:49","guid":{"rendered":"https:\/\/upis.pof.ues.rs.ba\/?page_id=847"},"modified":"2024-03-19T14:51:08","modified_gmt":"2024-03-19T13:51:08","slug":"studijski-program-poljoprivreda","status":"publish","type":"page","link":"https:\/\/upis.pof.ues.rs.ba\/?page_id=847","title":{"rendered":"Studijski program Poljoprivreda"},"content":{"rendered":"\t\t<div data-elementor-type=\"wp-page\" data-elementor-id=\"847\" class=\"elementor elementor-847\">\n\t\t\t\t\t\t\t\t\t<section class=\"elementor-section elementor-top-section elementor-element elementor-element-3cc32c6 elementor-section-boxed elementor-section-height-default elementor-section-height-default\" data-id=\"3cc32c6\" data-element_type=\"section\">\n\t\t\t\t\t\t<div class=\"elementor-container elementor-column-gap-default\">\n\t\t\t\t\t<div class=\"elementor-column elementor-col-100 elementor-top-column elementor-element elementor-element-a2b43d6\" data-id=\"a2b43d6\" data-element_type=\"column\">\n\t\t\t<div class=\"elementor-widget-wrap elementor-element-populated\">\n\t\t\t\t\t\t\t\t<div class=\"elementor-element elementor-element-a3b6fa7 elementor-position-top elementor-vertical-align-top elementor-widget elementor-widget-image-box\" data-id=\"a3b6fa7\" data-element_type=\"widget\" data-widget_type=\"image-box.default\">\n\t\t\t\t<div class=\"elementor-widget-container\">\n\t\t\t<div class=\"elementor-image-box-wrapper\"><figure class=\"elementor-image-box-img\"><img width=\"512\" height=\"220\" src=\"https:\/\/upis.pof.ues.rs.ba\/wp-content\/uploads\/2024\/03\/digitalna-poljoprivreda.jpg\" class=\"attachment-full size-full\" alt=\"\" loading=\"lazy\" \/><\/figure><div class=\"elementor-image-box-content\"><h5 class=\"elementor-image-box-title\">Nastava se izvodi u:<br>Isto\u010dnom Sarajevu i Bijeljini<\/h5><\/div><\/div>\t\t<\/div>\n\t\t\t\t<\/div>\n\t\t\t\t\t<\/div>\n\t\t<\/div>\n\t\t\t\t\t\t\t<\/div>\n\t\t<\/section>\n\t\t\t\t<section class=\"elementor-section elementor-top-section elementor-element elementor-element-36db05b elementor-section-boxed elementor-section-height-default elementor-section-height-default\" data-id=\"36db05b\" data-element_type=\"section\">\n\t\t\t\t\t\t<div class=\"elementor-container elementor-column-gap-default\">\n\t\t\t\t\t<div class=\"elementor-column elementor-col-100 elementor-top-column elementor-element elementor-element-604ec60\" data-id=\"604ec60\" data-element_type=\"column\">\n\t\t\t<div class=\"elementor-widget-wrap elementor-element-populated\">\n\t\t\t\t\t\t\t\t<div class=\"elementor-element elementor-element-47d0d22 elementor-widget elementor-widget-text-editor\" data-id=\"47d0d22\" data-element_type=\"widget\" data-widget_type=\"text-editor.default\">\n\t\t\t\t<div class=\"elementor-widget-container\">\n\t\t\t\t\t\t\t<p>Ovaj studijski program je\u00a0<span style=\"font-weight: bolder;\">upisalo 2643<\/span>\u00a0(po Zakonu o visokom obrazovanju), a do sada su\u00a0<span style=\"font-weight: bolder;\">diplomirala 1321<\/span>\u00a0studenta.<\/p><p>Studijski program traje 4 godine,\u00a0<span style=\"font-weight: bolder;\">240 ECTS<\/span>, licenciran.<\/p>\t\t\t\t\t\t<\/div>\n\t\t\t\t<\/div>\n\t\t\t\t\t<\/div>\n\t\t<\/div>\n\t\t\t\t\t\t\t<\/div>\n\t\t<\/section>\n\t\t\t\t<section class=\"elementor-section elementor-top-section elementor-element elementor-element-69bcbdf elementor-section-boxed elementor-section-height-default elementor-section-height-default\" data-id=\"69bcbdf\" data-element_type=\"section\">\n\t\t\t\t\t\t<div class=\"elementor-container elementor-column-gap-default\">\n\t\t\t\t\t<div class=\"elementor-column elementor-col-100 elementor-top-column elementor-element elementor-element-6319f3b\" data-id=\"6319f3b\" data-element_type=\"column\">\n\t\t\t<div class=\"elementor-widget-wrap elementor-element-populated\">\n\t\t\t\t\t\t\t\t<div class=\"elementor-element elementor-element-8b84030 elementor-widget elementor-widget-button\" data-id=\"8b84030\" data-element_type=\"widget\" data-widget_type=\"button.default\">\n\t\t\t\t<div class=\"elementor-widget-container\">\n\t\t\t\t\t<div class=\"elementor-button-wrapper\">\n\t\t\t<a href=\"https:\/\/www.pof.ues.rs.ba\/Dokumenti\/nastavni_plan_poljoprivreda_2024-25.pdf\" target=\"_blank\" class=\"elementor-button-link elementor-button elementor-size-sm\" role=\"button\">\n\t\t\t\t\t\t<span class=\"elementor-button-content-wrapper\">\n\t\t\t\t\t\t<span class=\"elementor-button-text\">Nastavni plan<\/span>\n\t\t<\/span>\n\t\t\t\t\t<\/a>\n\t\t<\/div>\n\t\t\t\t<\/div>\n\t\t\t\t<\/div>\n\t\t\t\t\t<\/div>\n\t\t<\/div>\n\t\t\t\t\t\t\t<\/div>\n\t\t<\/section>\n\t\t\t\t<section class=\"elementor-section elementor-top-section elementor-element elementor-element-e4c4f08 elementor-section-boxed elementor-section-height-default elementor-section-height-default\" data-id=\"e4c4f08\" data-element_type=\"section\">\n\t\t\t\t\t\t<div class=\"elementor-container elementor-column-gap-default\">\n\t\t\t\t\t<div class=\"elementor-column elementor-col-100 elementor-top-column elementor-element elementor-element-4fe67a8\" data-id=\"4fe67a8\" data-element_type=\"column\">\n\t\t\t<div class=\"elementor-widget-wrap elementor-element-populated\">\n\t\t\t\t\t\t\t\t<div class=\"elementor-element elementor-element-521717f elementor-widget elementor-widget-text-editor\" data-id=\"521717f\" data-element_type=\"widget\" data-widget_type=\"text-editor.default\">\n\t\t\t\t<div class=\"elementor-widget-container\">\n\t\t\t\t\t\t\t<p><span style=\"color: var( --e-global-color-text ); font-family: var( --e-global-typography-text-font-family ), Sans-serif; font-weight: var( --e-global-typography-text-font-weight ); font-size: 1rem;\">Potencijalni poslodavci za svr\u0161ene studente studijskog programa Pol\u0458oprivreda modul <\/span><strong style=\"color: var( --e-global-color-text ); font-family: var( --e-global-typography-text-font-family ), Sans-serif; font-size: 1rem;\">Op\u0161ti, Digitalna pol\u0458oprivreda i Urbana pol\u0458oprivreda<\/strong><span style=\"color: var( --e-global-color-text ); font-family: var( --e-global-typography-text-font-family ), Sans-serif; font-weight: var( --e-global-typography-text-font-weight ); font-size: 1rem;\">:<\/span><br><\/p>\n<ul>\n<li>Lokalna uprava i dr\u017eavni organi<\/li>\n<li>Vinarije<\/li>\n<li>Pol\u0458oprivredne zadruge<\/li>\n<li>Preduze\u0107a za doradu, pakovanje i skladi\u0161tenje sjemena i sadnog materijala<\/li>\n<li>Preduze\u0107a \u017eitoprera\u0111iva\u010di<\/li>\n<li>Preduze\u0107a za uzgoj stoke, proizvodnju mesa<\/li>\n<li>Preduze\u0107a za proizvodnju, preradu, pakovanje i \u010duvanje u hladnja\u010dama vo\u0107a i povr\u0107a<\/li>\n<li>Preduze\u0107a za proizvodnju i primarnu preradu mlijeka<\/li>\n<li>Preduze\u0107a za proizvodnju organskih proizvoda<\/li>\n<li>Samozapo\u0161l\u0458avanje-pokretanje vlastitog biznisa<\/li>\n<li>Pol\u0458oprivrene apoteke<\/li>\n<li>Pol\u0458oprivredni fakulteti<\/li>\n<li>Pol\u0458oprivredni instituti i srodni instituti<\/li>\n<li>Pol\u0458oprivredni zavodi<\/li>\n<li>Konsultativna preduze\u0107a<\/li>\n<li>Sjemenske ku\u0107e<\/li>\n<li>Farme.<\/li>\n<\/ul>\t\t\t\t\t\t<\/div>\n\t\t\t\t<\/div>\n\t\t\t\t\t<\/div>\n\t\t<\/div>\n\t\t\t\t\t\t\t<\/div>\n\t\t<\/section>\n\t\t\t\t<section class=\"elementor-section elementor-top-section elementor-element elementor-element-0c7a566 elementor-section-boxed elementor-section-height-default elementor-section-height-default\" data-id=\"0c7a566\" data-element_type=\"section\">\n\t\t\t\t\t\t<div class=\"elementor-container elementor-column-gap-default\">\n\t\t\t\t\t<div class=\"elementor-column elementor-col-100 elementor-top-column elementor-element elementor-element-d63e155\" data-id=\"d63e155\" data-element_type=\"column\">\n\t\t\t<div class=\"elementor-widget-wrap elementor-element-populated\">\n\t\t\t\t\t\t\t\t<div class=\"elementor-element elementor-element-fc60006 elementor-shape-rounded elementor-grid-0 e-grid-align-center elementor-widget elementor-widget-social-icons\" data-id=\"fc60006\" data-element_type=\"widget\" data-widget_type=\"social-icons.default\">\n\t\t\t\t<div class=\"elementor-widget-container\">\n\t\t\t\t\t<div class=\"elementor-social-icons-wrapper elementor-grid\">\n\t\t\t\t\t\t\t<span class=\"elementor-grid-item\">\n\t\t\t\t\t<a class=\"elementor-icon elementor-social-icon elementor-social-icon-facebook elementor-repeater-item-4ec8b31\" href=\"https:\/\/www.facebook.com\/Poljoprivredni-fakultet-Isto%C4%8Dno-Sarajevo-102190031458722\/\" target=\"_blank\">\n\t\t\t\t\t\t<span class=\"elementor-screen-only\">Facebook<\/span>\n\t\t\t\t\t\t<i class=\"fab fa-facebook\"><\/i>\t\t\t\t\t<\/a>\n\t\t\t\t<\/span>\n\t\t\t\t\t\t\t<span class=\"elementor-grid-item\">\n\t\t\t\t\t<a class=\"elementor-icon elementor-social-icon elementor-social-icon-instagram elementor-repeater-item-87d6871\" href=\"https:\/\/www.instagram.com\/poljoprivredni_fakultet\/\" target=\"_blank\">\n\t\t\t\t\t\t<span class=\"elementor-screen-only\">Instagram<\/span>\n\t\t\t\t\t\t<i class=\"fab fa-instagram\"><\/i>\t\t\t\t\t<\/a>\n\t\t\t\t<\/span>\n\t\t\t\t\t\t\t<span class=\"elementor-grid-item\">\n\t\t\t\t\t<a class=\"elementor-icon elementor-social-icon elementor-social-icon-youtube elementor-repeater-item-6c83754\" href=\"https:\/\/www.youtube.com\/channel\/UCoPpeaDZfLhNiaOaXCnpFRQ\" target=\"_blank\">\n\t\t\t\t\t\t<span class=\"elementor-screen-only\">Youtube<\/span>\n\t\t\t\t\t\t<i class=\"fab fa-youtube\"><\/i>\t\t\t\t\t<\/a>\n\t\t\t\t<\/span>\n\t\t\t\t\t\t\t<span class=\"elementor-grid-item\">\n\t\t\t\t\t<a class=\"elementor-icon elementor-social-icon elementor-social-icon-tiktok elementor-repeater-item-e42bec9\" href=\"https:\/\/www.tiktok.com\/@poljoprivredni_fakultet\" target=\"_blank\">\n\t\t\t\t\t\t<span class=\"elementor-screen-only\">Tiktok<\/span>\n\t\t\t\t\t\t<i class=\"fab fa-tiktok\"><\/i>\t\t\t\t\t<\/a>\n\t\t\t\t<\/span>\n\t\t\t\t\t<\/div>\n\t\t\t\t<\/div>\n\t\t\t\t<\/div>\n\t\t\t\t\t<\/div>\n\t\t<\/div>\n\t\t\t\t\t\t\t<\/div>\n\t\t<\/section>\n\t\t\t\t\t\t\t<\/div>\n\t\t","protected":false},"excerpt":{"rendered":"<p>Nastava se izvodi u:Isto\u010dnom Sarajevu i Bijeljini Ovaj studijski program je\u00a0upisalo 2643\u00a0(po Zakonu o visokom obrazovanju), a do sada su\u00a0diplomirala 1321\u00a0studenta. Studijski program traje 4 godine,\u00a0240 ECTS, licenciran. Nastavni plan Potencijalni poslodavci za svr\u0161ene studente studijskog programa Pol\u0458oprivreda modul Op\u0161ti, Digitalna pol\u0458oprivreda i Urbana pol\u0458oprivreda: Lokalna uprava i dr\u017eavni organi Vinarije Pol\u0458oprivredne zadruge Preduze\u0107a za [&hellip;]<\/p>\n","protected":false},"author":1,"featured_media":0,"parent":0,"menu_order":0,"comment_status":"closed","ping_status":"closed","template":"","meta":{"_monsterinsights_skip_tracking":false,"_monsterinsights_sitenote_active":false,"_monsterinsights_sitenote_note":"","_monsterinsights_sitenote_category":0},"aioseo_notices":[],"_links":{"self":[{"href":"https:\/\/upis.pof.ues.rs.ba\/index.php?rest_route=\/wp\/v2\/pages\/847"}],"collection":[{"href":"https:\/\/upis.pof.ues.rs.ba\/index.php?rest_route=\/wp\/v2\/pages"}],"about":[{"href":"https:\/\/upis.pof.ues.rs.ba\/index.php?rest_route=\/wp\/v2\/types\/page"}],"author":[{"embeddable":true,"href":"https:\/\/upis.pof.ues.rs.ba\/index.php?rest_route=\/wp\/v2\/users\/1"}],"replies":[{"embeddable":true,"href":"https:\/\/upis.pof.ues.rs.ba\/index.php?rest_route=%2Fwp%2Fv2%2Fcomments&post=847"}],"version-history":[{"count":28,"href":"https:\/\/upis.pof.ues.rs.ba\/index.php?rest_route=\/wp\/v2\/pages\/847\/revisions"}],"predecessor-version":[{"id":945,"href":"https:\/\/upis.pof.ues.rs.ba\/index.php?rest_route=\/wp\/v2\/pages\/847\/revisions\/945"}],"wp:attachment":[{"href":"https:\/\/upis.pof.ues.rs.ba\/index.php?rest_route=%2Fwp%2Fv2%2Fmedia&parent=847"}],"curies":[{"name":"wp","href":"https:\/\/api.w.org\/{rel}","templated":true}]}}